{"id":3890,"date":"2025-10-03T10:02:19","date_gmt":"2025-10-03T14:02:19","guid":{"rendered":"https:\/\/marchedelouest.com\/?page_id=3890"},"modified":"2026-01-27T13:29:31","modified_gmt":"2026-01-27T18:29:31","slug":"restez-connectes-avec-le-marche","status":"publish","type":"page","link":"https:\/\/marchedelouest.com\/fr\/restez-connectes-avec-le-marche\/","title":{"rendered":"Restez connect\u00e9s avec le March\u00e9-Page"},"content":{"rendered":"\t\t<div data-elementor-type=\"wp-page\" data-elementor-id=\"3890\" class=\"elementor elementor-3890 elementor-3888\">\n\t\t\t\t<div class=\"elementor-element elementor-element-e14387d e-con-full e-flex e-con e-parent\" data-id=\"e14387d\" data-element_type=\"container\">\n\t\t\t\t<div class=\"elementor-element elementor-element-0883fc7 elementor-widget elementor-widget-text-editor\" data-id=\"0883fc7\" data-element_type=\"widget\" data-widget_type=\"text-editor.default\">\n\t\t\t\t<div class=\"elementor-widget-container\">\n\t\t\t\t\t\t\t\t\t<p>Merci d\u2019avoir c\u00e9l\u00e9br\u00e9 Halloween avec nous ! Ne manquez rien : suivez-nous sur Instagram et Facebook pour nos prochains \u00e9v\u00e9nements, les saveurs de saison et toute la magie du March\u00e9 de l\u2019Ouest, toute l\u2019ann\u00e9e.<\/p>\t\t\t\t\t\t\t\t<\/div>\n\t\t\t\t<\/div>\n\t\t\t\t<\/div>\n\t\t<div class=\"elementor-element elementor-element-4c4b8a8 e-con-full e-flex e-con e-parent\" data-id=\"4c4b8a8\" data-element_type=\"container\">\n\t\t<div class=\"elementor-element elementor-element-e45c711 e-con-full e-flex e-con e-child\" data-id=\"e45c711\" data-element_type=\"container\">\n\t\t\t\t<div class=\"elementor-element elementor-element-83eaa6d custom-button elementor-widget elementor-widget-button\" data-id=\"83eaa6d\" data-element_type=\"widget\" data-widget_type=\"button.default\">\n\t\t\t\t<div class=\"elementor-widget-container\">\n\t\t\t\t\t\t\t\t\t<div class=\"elementor-button-wrapper\">\n\t\t\t\t\t<a class=\"elementor-button elementor-button-link elementor-size-sm\" href=\"https:\/\/www.instagram.com\/marchedelouest?igsh=NXozY2xpNXhpY3V1&#038;utm_source=qr\" target=\"_blank\">\n\t\t\t\t\t\t<span class=\"elementor-button-content-wrapper\">\n\t\t\t\t\t\t\t\t\t<span class=\"elementor-button-text\">Suivez-nous sur Instagram<\/span>\n\t\t\t\t\t<\/span>\n\t\t\t\t\t<\/a>\n\t\t\t\t<\/div>\n\t\t\t\t\t\t\t\t<\/div>\n\t\t\t\t<\/div>\n\t\t\t\t<\/div>\n\t\t<div class=\"elementor-element elementor-element-436c512 e-con-full e-flex e-con e-child\" data-id=\"436c512\" data-element_type=\"container\">\n\t\t\t\t<div class=\"elementor-element elementor-element-bba7946 custom-button elementor-widget elementor-widget-button\" data-id=\"bba7946\" data-element_type=\"widget\" data-widget_type=\"button.default\">\n\t\t\t\t<div class=\"elementor-widget-container\">\n\t\t\t\t\t\t\t\t\t<div class=\"elementor-button-wrapper\">\n\t\t\t\t\t<a class=\"elementor-button elementor-button-link elementor-size-sm\" href=\"https:\/\/www.facebook.com\/marchedelouest\/\" target=\"_blank\">\n\t\t\t\t\t\t<span class=\"elementor-button-content-wrapper\">\n\t\t\t\t\t\t\t\t\t<span class=\"elementor-button-text\">Suivez-nous sur Facebook<\/span>\n\t\t\t\t\t<\/span>\n\t\t\t\t\t<\/a>\n\t\t\t\t<\/div>\n\t\t\t\t\t\t\t\t<\/div>\n\t\t\t\t<\/div>\n\t\t\t\t<\/div>\n\t\t\t\t<\/div>\n\t\t<div class=\"elementor-element elementor-element-0b131a0 e-con-full e-flex e-con e-parent\" data-id=\"0b131a0\" data-element_type=\"container\">\n\t\t<div class=\"elementor-element elementor-element-2264c08 e-con-full e-flex e-con e-child\" data-id=\"2264c08\" data-element_type=\"container\" data-settings=\"{&quot;background_background&quot;:&quot;classic&quot;}\">\n\t\t<div class=\"elementor-element elementor-element-a575f18 e-con-full e-flex e-con e-child\" data-id=\"a575f18\" data-element_type=\"container\">\n\t\t<div class=\"elementor-element elementor-element-b950e07 e-con-full e-flex e-con e-child\" data-id=\"b950e07\" data-element_type=\"container\">\n\t\t\t\t<div class=\"elementor-element elementor-element-2cf3746 elementor-widget elementor-widget-heading\" data-id=\"2cf3746\" data-element_type=\"widget\" data-widget_type=\"heading.default\">\n\t\t\t\t<div class=\"elementor-widget-container\">\n\t\t\t\t\t<h2 class=\"elementor-heading-title elementor-size-default\">Infolettre<\/h2>\t\t\t\t<\/div>\n\t\t\t\t<\/div>\n\t\t\t\t<div class=\"elementor-element elementor-element-f510f8c elementor-widget elementor-widget-text-editor\" data-id=\"f510f8c\" data-element_type=\"widget\" data-widget_type=\"text-editor.default\">\n\t\t\t\t<div class=\"elementor-widget-container\">\n\t\t\t\t\t\t\t\t\tNe manquez pas les derni\u00e8res promotions et \u00e9v\u00e9nements au March\u00e9 de l&#8217;Ouest !\t\t\t\t\t\t\t\t<\/div>\n\t\t\t\t<\/div>\n\t\t\t\t<div class=\"elementor-element elementor-element-39e1a9c elementor-widget elementor-widget-text-editor\" data-id=\"39e1a9c\" data-element_type=\"widget\" data-widget_type=\"text-editor.default\">\n\t\t\t\t<div class=\"elementor-widget-container\">\n\t\t\t\t\t\t\t\t\tRestez connect\u00e9 pour des offres exclusives et des mises \u00e0 jour du march\u00e9.\t\t\t\t\t\t\t\t<\/div>\n\t\t\t\t<\/div>\n\t\t\t\t<\/div>\n\t\t<div class=\"elementor-element elementor-element-ce60300 e-con-full e-flex e-con e-child\" data-id=\"ce60300\" data-element_type=\"container\">\n\t\t\t\t<div class=\"elementor-element elementor-element-4a69e77 home_news_div elementor-widget elementor-widget-shortcode\" data-id=\"4a69e77\" data-element_type=\"widget\" data-widget_type=\"shortcode.default\">\n\t\t\t\t<div class=\"elementor-widget-container\">\n\t\t\t\t\t\t\t<div class=\"elementor-shortcode\">\n<div class=\"wpcf7 no-js\" id=\"wpcf7-f3111-o1\" lang=\"en-US\" dir=\"ltr\" data-wpcf7-id=\"3111\">\n<div class=\"screen-reader-response\"><p role=\"status\" aria-live=\"polite\" aria-atomic=\"true\"><\/p> <ul><\/ul><\/div>\n<form action=\"\/fr\/wp-json\/wp\/v2\/pages\/3890#wpcf7-f3111-o1\" method=\"post\" class=\"wpcf7-form init\" aria-label=\"Contact form\" novalidate=\"novalidate\" data-status=\"init\">\n<div style=\"display: none;\">\n<input type=\"hidden\" name=\"_wpcf7\" value=\"3111\" \/>\n<input type=\"hidden\" name=\"_wpcf7_version\" value=\"6.0.1\" \/>\n<input type=\"hidden\" name=\"_wpcf7_locale\" value=\"en_US\" \/>\n<input type=\"hidden\" name=\"_wpcf7_unit_tag\" value=\"wpcf7-f3111-o1\" \/>\n<input type=\"hidden\" name=\"_wpcf7_container_post\" value=\"0\" \/>\n<input type=\"hidden\" name=\"_wpcf7_posted_data_hash\" value=\"\" \/>\n<\/div>\n<div class=\"home_news\"><span class=\"wpcf7-form-control-wrap\" data-name=\"your-email\"><input size=\"40\" maxlength=\"400\" class=\"wpcf7-form-control wpcf7-email wpcf7-validates-as-required wpcf7-text wpcf7-validates-as-email\" aria-required=\"true\" aria-invalid=\"false\" placeholder=\"Courriel\" value=\"\" type=\"email\" name=\"your-email\" \/><\/span><input class=\"wpcf7-form-control wpcf7-submit has-spinner\" type=\"submit\" value=\"Inscrivez-vous maintenant!\" \/><\/div><div class=\"wpcf7-response-output\" aria-hidden=\"true\"><\/div>\n<\/form>\n<\/div>\n<\/div>\n\t\t\t\t\t\t<\/div>\n\t\t\t\t<\/div>\n\t\t\t\t<\/div>\n\t\t\t\t<\/div>\n\t\t\t\t<\/div>\n\t\t\t\t<\/div>\n\t\t\t\t<\/div>\n\t\t","protected":false},"excerpt":{"rendered":"<p>Merci d\u2019avoir c\u00e9l\u00e9br\u00e9 Halloween avec nous ! Ne manquez rien : suivez-nous sur Instagram et Facebook pour nos prochains \u00e9v\u00e9nements,.. <span class=\"sb-el-more\"><a href=\"https:\/\/marchedelouest.com\/fr\/restez-connectes-avec-le-marche\/\" class=\"sb-btn\"><span class=\"sb-icon\"><span class=\"sb-icon-arrow\"><\/span><\/span><span>En savoir plus<\/span><\/a><\/span><\/p>\n","protected":false},"author":4,"featured_media":0,"parent":0,"menu_order":0,"comment_status":"closed","ping_status":"closed","template":"","meta":{"_acf_changed":false,"footnotes":""},"class_list":["post-3890","page","type-page","status-publish","hentry"],"acf":[],"yoast_head":"<!-- This site is optimized with the Yoast SEO plugin v24.0 - https:\/\/yoast.com\/wordpress\/plugins\/seo\/ -->\n<title>Restez connect\u00e9s avec le March\u00e9-Page - Marchedelouest<\/title>\n<meta name=\"robots\" content=\"index, follow, max-snippet:-1, max-image-preview:large, max-video-preview:-1\" \/>\n<link rel=\"canonical\" href=\"https:\/\/marchedelouest.com\/fr\/restez-connectes-avec-le-marche\/\" \/>\n<meta property=\"og:locale\" content=\"fr_FR\" \/>\n<meta property=\"og:type\" content=\"article\" \/>\n<meta property=\"og:title\" content=\"Restez connect\u00e9s avec le March\u00e9-Page - Marchedelouest\" \/>\n<meta property=\"og:description\" content=\"Merci d\u2019avoir c\u00e9l\u00e9br\u00e9 Halloween avec nous ! Ne manquez rien : suivez-nous sur Instagram et Facebook pour nos prochains \u00e9v\u00e9nements,.. En savoir plus\" \/>\n<meta property=\"og:url\" content=\"https:\/\/marchedelouest.com\/fr\/restez-connectes-avec-le-marche\/\" \/>\n<meta property=\"og:site_name\" content=\"Marchedelouest\" \/>\n<meta property=\"article:modified_time\" content=\"2026-01-27T18:29:31+00:00\" \/>\n<meta name=\"twitter:card\" content=\"summary_large_image\" \/>\n<meta name=\"twitter:label1\" content=\"Dur\u00e9e de lecture estim\u00e9e\" \/>\n\t<meta name=\"twitter:data1\" content=\"1 minute\" \/>\n<script type=\"application\/ld+json\" class=\"yoast-schema-graph\">{\"@context\":\"https:\/\/schema.org\",\"@graph\":[{\"@type\":\"WebPage\",\"@id\":\"https:\/\/marchedelouest.com\/fr\/restez-connectes-avec-le-marche\/\",\"url\":\"https:\/\/marchedelouest.com\/fr\/restez-connectes-avec-le-marche\/\",\"name\":\"Restez connect\u00e9s avec le March\u00e9-Page - Marchedelouest\",\"isPartOf\":{\"@id\":\"https:\/\/marchedelouest.com\/#website\"},\"datePublished\":\"2025-10-03T14:02:19+00:00\",\"dateModified\":\"2026-01-27T18:29:31+00:00\",\"breadcrumb\":{\"@id\":\"https:\/\/marchedelouest.com\/fr\/restez-connectes-avec-le-marche\/#breadcrumb\"},\"inLanguage\":\"fr-FR\",\"potentialAction\":[{\"@type\":\"ReadAction\",\"target\":[\"https:\/\/marchedelouest.com\/fr\/restez-connectes-avec-le-marche\/\"]}]},{\"@type\":\"BreadcrumbList\",\"@id\":\"https:\/\/marchedelouest.com\/fr\/restez-connectes-avec-le-marche\/#breadcrumb\",\"itemListElement\":[{\"@type\":\"ListItem\",\"position\":1,\"name\":\"Home\",\"item\":\"https:\/\/marchedelouest.com\/fr\/home\/\"},{\"@type\":\"ListItem\",\"position\":2,\"name\":\"Restez connect\u00e9s avec le March\u00e9-Page\"}]},{\"@type\":\"WebSite\",\"@id\":\"https:\/\/marchedelouest.com\/#website\",\"url\":\"https:\/\/marchedelouest.com\/\",\"name\":\"Marchedelouest\",\"description\":\"Your Local Market, Fresh from the West\",\"publisher\":{\"@id\":\"https:\/\/marchedelouest.com\/#organization\"},\"potentialAction\":[{\"@type\":\"SearchAction\",\"target\":{\"@type\":\"EntryPoint\",\"urlTemplate\":\"https:\/\/marchedelouest.com\/?s={search_term_string}\"},\"query-input\":{\"@type\":\"PropertyValueSpecification\",\"valueRequired\":true,\"valueName\":\"search_term_string\"}}],\"inLanguage\":\"fr-FR\"},{\"@type\":\"Organization\",\"@id\":\"https:\/\/marchedelouest.com\/#organization\",\"name\":\"Marchedelouest\",\"url\":\"https:\/\/marchedelouest.com\/\",\"logo\":{\"@type\":\"ImageObject\",\"inLanguage\":\"fr-FR\",\"@id\":\"https:\/\/marchedelouest.com\/#\/schema\/logo\/image\/\",\"url\":\"https:\/\/marchedelouest.com\/wp-content\/uploads\/2022\/07\/MDO-logo.png\",\"contentUrl\":\"https:\/\/marchedelouest.com\/wp-content\/uploads\/2022\/07\/MDO-logo.png\",\"width\":1088,\"height\":867,\"caption\":\"Marchedelouest\"},\"image\":{\"@id\":\"https:\/\/marchedelouest.com\/#\/schema\/logo\/image\/\"}}]}<\/script>\n<!-- \/ Yoast SEO plugin. -->","yoast_head_json":{"title":"Restez connect\u00e9s avec le March\u00e9-Page - Marchedelouest","robots":{"index":"index","follow":"follow","max-snippet":"max-snippet:-1","max-image-preview":"max-image-preview:large","max-video-preview":"max-video-preview:-1"},"canonical":"https:\/\/marchedelouest.com\/fr\/restez-connectes-avec-le-marche\/","og_locale":"fr_FR","og_type":"article","og_title":"Restez connect\u00e9s avec le March\u00e9-Page - Marchedelouest","og_description":"Merci d\u2019avoir c\u00e9l\u00e9br\u00e9 Halloween avec nous ! Ne manquez rien : suivez-nous sur Instagram et Facebook pour nos prochains \u00e9v\u00e9nements,.. En savoir plus","og_url":"https:\/\/marchedelouest.com\/fr\/restez-connectes-avec-le-marche\/","og_site_name":"Marchedelouest","article_modified_time":"2026-01-27T18:29:31+00:00","twitter_card":"summary_large_image","twitter_misc":{"Dur\u00e9e de lecture estim\u00e9e":"1 minute"},"schema":{"@context":"https:\/\/schema.org","@graph":[{"@type":"WebPage","@id":"https:\/\/marchedelouest.com\/fr\/restez-connectes-avec-le-marche\/","url":"https:\/\/marchedelouest.com\/fr\/restez-connectes-avec-le-marche\/","name":"Restez connect\u00e9s avec le March\u00e9-Page - Marchedelouest","isPartOf":{"@id":"https:\/\/marchedelouest.com\/#website"},"datePublished":"2025-10-03T14:02:19+00:00","dateModified":"2026-01-27T18:29:31+00:00","breadcrumb":{"@id":"https:\/\/marchedelouest.com\/fr\/restez-connectes-avec-le-marche\/#breadcrumb"},"inLanguage":"fr-FR","potentialAction":[{"@type":"ReadAction","target":["https:\/\/marchedelouest.com\/fr\/restez-connectes-avec-le-marche\/"]}]},{"@type":"BreadcrumbList","@id":"https:\/\/marchedelouest.com\/fr\/restez-connectes-avec-le-marche\/#breadcrumb","itemListElement":[{"@type":"ListItem","position":1,"name":"Home","item":"https:\/\/marchedelouest.com\/fr\/home\/"},{"@type":"ListItem","position":2,"name":"Restez connect\u00e9s avec le March\u00e9-Page"}]},{"@type":"WebSite","@id":"https:\/\/marchedelouest.com\/#website","url":"https:\/\/marchedelouest.com\/","name":"Marchedelouest","description":"Your Local Market, Fresh from the West","publisher":{"@id":"https:\/\/marchedelouest.com\/#organization"},"potentialAction":[{"@type":"SearchAction","target":{"@type":"EntryPoint","urlTemplate":"https:\/\/marchedelouest.com\/?s={search_term_string}"},"query-input":{"@type":"PropertyValueSpecification","valueRequired":true,"valueName":"search_term_string"}}],"inLanguage":"fr-FR"},{"@type":"Organization","@id":"https:\/\/marchedelouest.com\/#organization","name":"Marchedelouest","url":"https:\/\/marchedelouest.com\/","logo":{"@type":"ImageObject","inLanguage":"fr-FR","@id":"https:\/\/marchedelouest.com\/#\/schema\/logo\/image\/","url":"https:\/\/marchedelouest.com\/wp-content\/uploads\/2022\/07\/MDO-logo.png","contentUrl":"https:\/\/marchedelouest.com\/wp-content\/uploads\/2022\/07\/MDO-logo.png","width":1088,"height":867,"caption":"Marchedelouest"},"image":{"@id":"https:\/\/marchedelouest.com\/#\/schema\/logo\/image\/"}}]}},"_links":{"self":[{"href":"https:\/\/marchedelouest.com\/fr\/wp-json\/wp\/v2\/pages\/3890","targetHints":{"allow":["GET"]}}],"collection":[{"href":"https:\/\/marchedelouest.com\/fr\/wp-json\/wp\/v2\/pages"}],"about":[{"href":"https:\/\/marchedelouest.com\/fr\/wp-json\/wp\/v2\/types\/page"}],"author":[{"embeddable":true,"href":"https:\/\/marchedelouest.com\/fr\/wp-json\/wp\/v2\/users\/4"}],"replies":[{"embeddable":true,"href":"https:\/\/marchedelouest.com\/fr\/wp-json\/wp\/v2\/comments?post=3890"}],"version-history":[{"count":26,"href":"https:\/\/marchedelouest.com\/fr\/wp-json\/wp\/v2\/pages\/3890\/revisions"}],"predecessor-version":[{"id":4181,"href":"https:\/\/marchedelouest.com\/fr\/wp-json\/wp\/v2\/pages\/3890\/revisions\/4181"}],"wp:attachment":[{"href":"https:\/\/marchedelouest.com\/fr\/wp-json\/wp\/v2\/media?parent=3890"}],"curies":[{"name":"wp","href":"https:\/\/api.w.org\/{rel}","templated":true}]}}