{"id":2229,"date":"2024-11-09T11:16:34","date_gmt":"2024-11-09T16:16:34","guid":{"rendered":"https:\/\/marchedelouest.com\/events\/"},"modified":"2025-09-26T06:00:38","modified_gmt":"2025-09-26T10:00:38","slug":"evenements","status":"publish","type":"page","link":"https:\/\/marchedelouest.com\/fr\/evenements\/","title":{"rendered":"\u00c9v\u00e8nements"},"content":{"rendered":"\t\t<div data-elementor-type=\"wp-page\" data-elementor-id=\"2229\" class=\"elementor elementor-2229 elementor-1539\">\n\t\t\t\t\t\t<section class=\"elementor-section elementor-top-section elementor-element elementor-element-08cbf82 elementor-section-full_width elementor-section-height-default elementor-section-height-default\" data-id=\"08cbf82\" data-element_type=\"section\">\n\t\t\t\t\t\t<div class=\"elementor-container elementor-column-gap-no\">\n\t\t\t\t\t<div class=\"elementor-column elementor-col-100 elementor-top-column elementor-element elementor-element-ae57e26\" data-id=\"ae57e26\" data-element_type=\"column\">\n\t\t\t<div class=\"elementor-widget-wrap elementor-element-populated\">\n\t\t\t\t\t\t<div class=\"elementor-element elementor-element-6bf92be elementor-widget elementor-widget-starbelly-intro\" data-id=\"6bf92be\" data-element_type=\"widget\" data-widget_type=\"starbelly-intro.default\">\n\t\t\t\t<div class=\"elementor-widget-container\">\n\t\t\t\t\t\n\t\t<!-- banner -->\n\t\t<section class=\"sb-banner sb-banner-sm sb-banner-color\">\n\t\t\t<div class=\"container\">\n\t\t\t\t<div class=\"row\">\n\t\t\t\t\t<div class=\"col-lg-12\">\n\t\t\t\t\t\t<!-- main title -->\n\t\t\t\t\t\t<div class=\"sb-main-title-frame\">\n\t\t\t\t\t\t\t<div class=\"sb-main-title text-center\">\n\t\t\t\t\t\t\t\t\t\t\t\t\t\t\t\t\t\t\t\t\t\t\t\t<h1 class=\"sb-title-el sb-mb-30\">\n\t\t\t\t\t\t\t\t\t<span >\n\t\t\t\t\t          \u00c9v\u00e9nements\t\t\t\t\t        <\/span>\n\t\t\t\t\t\t\t\t<\/h1>\n\t\t\t\t\t\t\t\t\t\t\t\t\t\t\t\t\t\t\t\t\t\t\t\t<p class=\"sb-text sb-text-lg sb-mb-30\">\n\t\t\t\t\t\t\t\t\t<span >\n\t\t\t\t\t          D\u00e9couvrez les \u00e9v\u00e9nements passionnants qui c\u00e9l\u00e8brent l'esprit vibrant du March\u00e9 de l'Ouest !\t\t\t\t\t        <\/span>\n\t\t\t\t\t\t\t\t<\/p>\n\t\t\t\t\t\t\t\t\t\t\t\t\t\t\t\t\t\t\t\t\t\t\t\t<ul class=\"sb-breadcrumbs\"><li><a href=\"https:\/\/marchedelouest.com\/fr\/\" title=\"Marchedelouest\">Accueil<\/a><\/li><li class=\"sb-active\"><a ><\/a><\/li><\/ul>\t\t\t\t\t\t\t\t\t\t\t\t\t\t\t<\/div>\n\t\t\t\t\t\t<\/div>\n\t\t\t\t\t\t<!-- main title end -->\n\t\t\t\t\t<\/div>\n\t\t\t\t<\/div>\n\t\t\t<\/div>\n\t\t<\/section>\n\t\t<!-- banner end -->\n\n\t\t\t\t\t\t<\/div>\n\t\t\t\t<\/div>\n\t\t\t\t\t<\/div>\n\t\t<\/div>\n\t\t\t\t\t<\/div>\n\t\t<\/section>\n\t\t<div class=\"elementor-element elementor-element-b1b87c5 e-flex e-con-boxed e-con e-parent\" data-id=\"b1b87c5\" data-element_type=\"container\">\n\t\t\t\t\t<div class=\"e-con-inner\">\n\t\t\t\t<div class=\"elementor-element elementor-element-582e03b elementor-widget elementor-widget-marchedelouest-events-grid\" data-id=\"582e03b\" data-element_type=\"widget\" data-widget_type=\"marchedelouest-events-grid.default\">\n\t\t\t\t<div class=\"elementor-widget-container\">\n\t\t\t\t\t\n\t\t<!-- menu section 1 -->\n\t\t<section class=\"sb-menu-section sb-p-90-60 eventsdiv\">\n\n\t\t\t<div class=\"container \">\n\n\t\t\t\t<!-- filter -->\n\t\t\t\t<div class=\"sb-filter mb-30\">\n\t\t\t\t\t<a href=\"#.\" data-filter=\"*\" class=\"sb-filter-link sb-active\">Tous les \u00e9v\u00e9nements<\/a>\n\t\t\t\t\t<a href=\"#.\" data-filter=\".category-upcoming\" class=\"sb-filter-link\">\n                    \u00c9v\u00e9nements \u00e0 venir\t\t\t\t\t<\/a>\n                    <a href=\"#.\" data-filter=\".category-past-events\" class=\"sb-filter-link\">\n                    \u00c9v\u00e9nements pass\u00e9s\t\t\t\t\t<\/a>\n\t\t\t\t<\/div>\n\t\t\t\t<!-- filter end -->\n\n\t\t\t\t<div class=\"sb-masonry-grid\">\n\t\t\t\t\t<div class=\"sb-grid-sizer\"><\/div>\n\t\t\t\t\t\t\t\t\t<\/div>\n\n\t\t\t<\/div>\n\n        <\/section>\n\n\n\t\t\t\t\t\t<\/div>\n\t\t\t\t<\/div>\n\t\t\t\t\t<\/div>\n\t\t\t\t<\/div>\n\t\t<div class=\"elementor-element elementor-element-30bc2f7 e-flex e-con-boxed e-con e-parent\" data-id=\"30bc2f7\" data-element_type=\"container\">\n\t\t\t\t\t<div class=\"e-con-inner\">\n\t\t<div class=\"elementor-element elementor-element-1a5e8a0 e-con-full e-flex e-con e-child\" data-id=\"1a5e8a0\" data-element_type=\"container\">\n\t\t\t\t<div class=\"elementor-element elementor-element-f42557b elementor-widget__width-initial elementor-widget elementor-widget-image\" data-id=\"f42557b\" data-element_type=\"widget\" data-widget_type=\"image.default\">\n\t\t\t\t<div class=\"elementor-widget-container\">\n\t\t\t\t\t\t\t\t\t\t\t\t\t\t\t<img fetchpriority=\"high\" decoding=\"async\" width=\"500\" height=\"350\" src=\"https:\/\/marchedelouest.com\/wp-content\/uploads\/2025\/09\/Thumbnail_FR-1.webp\" class=\"attachment-large size-large wp-image-3801\" alt=\"\" srcset=\"https:\/\/marchedelouest.com\/wp-content\/uploads\/2025\/09\/Thumbnail_FR-1.webp 500w, https:\/\/marchedelouest.com\/wp-content\/uploads\/2025\/09\/Thumbnail_FR-1-300x210.webp 300w\" sizes=\"(max-width: 500px) 100vw, 500px\" \/>\t\t\t\t\t\t\t\t\t\t\t\t\t\t\t<\/div>\n\t\t\t\t<\/div>\n\t\t\t\t<\/div>\n\t\t<div class=\"elementor-element elementor-element-0417b1d e-con-full e-flex e-con e-child\" data-id=\"0417b1d\" data-element_type=\"container\">\n\t\t\t\t<div class=\"elementor-element elementor-element-9bbbc8d elementor-widget elementor-widget-heading\" data-id=\"9bbbc8d\" data-element_type=\"widget\" data-widget_type=\"heading.default\">\n\t\t\t\t<div class=\"elementor-widget-container\">\n\t\t\t\t\t<h2 class=\"elementor-heading-title elementor-size-default\">Photos d'\u00e9v\u00e9nements pass\u00e9s\n\n<\/h2>\t\t\t\t<\/div>\n\t\t\t\t<\/div>\n\t\t\t\t<div class=\"elementor-element elementor-element-ece1bee elementor-widget elementor-widget-text-editor\" data-id=\"ece1bee\" data-element_type=\"widget\" data-widget_type=\"text-editor.default\">\n\t\t\t\t<div class=\"elementor-widget-container\">\n\t\t\t\t\t\t\t\t\t<p>Le March\u00e9 de l\u2019Ouest a toujours \u00e9t\u00e9 plus qu\u2019un march\u00e9 \u2014 c\u2019est un lieu de rencontre pour la communaut\u00e9. Parcourez notre galerie d\u2019\u00e9v\u00e9nements pass\u00e9s et revivez les c\u00e9l\u00e9brations, les saveurs et les exp\u00e9riences qui rendent chaque saison inoubliable.<\/p>\t\t\t\t\t\t\t\t<\/div>\n\t\t\t\t<\/div>\n\t\t\t\t<div class=\"elementor-element elementor-element-e1cd8d2 elementor-widget elementor-widget-button\" data-id=\"e1cd8d2\" data-element_type=\"widget\" data-widget_type=\"button.default\">\n\t\t\t\t<div class=\"elementor-widget-container\">\n\t\t\t\t\t\t\t\t\t<div class=\"elementor-button-wrapper\">\n\t\t\t\t\t<a class=\"elementor-button elementor-button-link elementor-size-sm\" href=\"https:\/\/marchedelouest.com\/fr\/photos-devenements-passes\/\">\n\t\t\t\t\t\t<span class=\"elementor-button-content-wrapper\">\n\t\t\t\t\t\t\t\t\t<span class=\"elementor-button-text\">VOIR LA GALERIE<\/span>\n\t\t\t\t\t<\/span>\n\t\t\t\t\t<\/a>\n\t\t\t\t<\/div>\n\t\t\t\t\t\t\t\t<\/div>\n\t\t\t\t<\/div>\n\t\t\t\t<\/div>\n\t\t\t\t\t<\/div>\n\t\t\t\t<\/div>\n\t\t<div class=\"elementor-element elementor-element-97889ab e-flex e-con-boxed e-con e-parent\" data-id=\"97889ab\" data-element_type=\"container\" data-settings=\"{&quot;background_background&quot;:&quot;classic&quot;}\">\n\t\t\t\t\t<div class=\"e-con-inner\">\n\t\t<div class=\"elementor-element elementor-element-4893d7e e-con-full e-flex e-con e-child\" data-id=\"4893d7e\" data-element_type=\"container\">\n\t\t<div class=\"elementor-element elementor-element-18bd243 e-con-full e-flex e-con e-child\" data-id=\"18bd243\" data-element_type=\"container\">\n\t\t\t\t<div class=\"elementor-element elementor-element-d22d255 elementor-widget elementor-widget-heading\" data-id=\"d22d255\" data-element_type=\"widget\" data-widget_type=\"heading.default\">\n\t\t\t\t<div class=\"elementor-widget-container\">\n\t\t\t\t\t<h2 class=\"elementor-heading-title elementor-size-default\">Infolettre<\/h2>\t\t\t\t<\/div>\n\t\t\t\t<\/div>\n\t\t\t\t<div class=\"elementor-element elementor-element-8e80c48 elementor-widget elementor-widget-text-editor\" data-id=\"8e80c48\" data-element_type=\"widget\" data-widget_type=\"text-editor.default\">\n\t\t\t\t<div class=\"elementor-widget-container\">\n\t\t\t\t\t\t\t\t\tNe manquez pas les derni\u00e8res promotions et \u00e9v\u00e9nements au March\u00e9 de l&#8217;Ouest !\t\t\t\t\t\t\t\t<\/div>\n\t\t\t\t<\/div>\n\t\t\t\t<div class=\"elementor-element elementor-element-32ab54e elementor-widget elementor-widget-text-editor\" data-id=\"32ab54e\" data-element_type=\"widget\" data-widget_type=\"text-editor.default\">\n\t\t\t\t<div class=\"elementor-widget-container\">\n\t\t\t\t\t\t\t\t\tRestez connect\u00e9 pour des offres exclusives et des mises \u00e0 jour du march\u00e9.\t\t\t\t\t\t\t\t<\/div>\n\t\t\t\t<\/div>\n\t\t\t\t<\/div>\n\t\t<div class=\"elementor-element elementor-element-e2fc0eb e-con-full e-flex e-con e-child\" data-id=\"e2fc0eb\" data-element_type=\"container\">\n\t\t\t\t<div class=\"elementor-element elementor-element-4188b84 home_news_div elementor-widget elementor-widget-shortcode\" data-id=\"4188b84\" data-element_type=\"widget\" data-widget_type=\"shortcode.default\">\n\t\t\t\t<div class=\"elementor-widget-container\">\n\t\t\t\t\t\t\t<div class=\"elementor-shortcode\">\n<div class=\"wpcf7 no-js\" id=\"wpcf7-f3111-o1\" lang=\"en-US\" dir=\"ltr\" data-wpcf7-id=\"3111\">\n<div class=\"screen-reader-response\"><p role=\"status\" aria-live=\"polite\" aria-atomic=\"true\"><\/p> <ul><\/ul><\/div>\n<form action=\"\/fr\/wp-json\/wp\/v2\/pages\/2229#wpcf7-f3111-o1\" method=\"post\" class=\"wpcf7-form init\" aria-label=\"Contact form\" novalidate=\"novalidate\" data-status=\"init\">\n<div style=\"display: none;\">\n<input type=\"hidden\" name=\"_wpcf7\" value=\"3111\" \/>\n<input type=\"hidden\" name=\"_wpcf7_version\" value=\"6.0.1\" \/>\n<input type=\"hidden\" name=\"_wpcf7_locale\" value=\"en_US\" \/>\n<input type=\"hidden\" name=\"_wpcf7_unit_tag\" value=\"wpcf7-f3111-o1\" \/>\n<input type=\"hidden\" name=\"_wpcf7_container_post\" value=\"0\" \/>\n<input type=\"hidden\" name=\"_wpcf7_posted_data_hash\" value=\"\" \/>\n<\/div>\n<div class=\"home_news\"><span class=\"wpcf7-form-control-wrap\" data-name=\"your-email\"><input size=\"40\" maxlength=\"400\" class=\"wpcf7-form-control wpcf7-email wpcf7-validates-as-required wpcf7-text wpcf7-validates-as-email\" aria-required=\"true\" aria-invalid=\"false\" placeholder=\"Courriel\" value=\"\" type=\"email\" name=\"your-email\" \/><\/span><input class=\"wpcf7-form-control wpcf7-submit has-spinner\" type=\"submit\" value=\"Inscrivez-vous maintenant!\" \/><\/div><div class=\"wpcf7-response-output\" aria-hidden=\"true\"><\/div>\n<\/form>\n<\/div>\n<\/div>\n\t\t\t\t\t\t<\/div>\n\t\t\t\t<\/div>\n\t\t\t\t<\/div>\n\t\t\t\t<\/div>\n\t\t\t\t\t<\/div>\n\t\t\t\t<\/div>\n\t\t\t\t<\/div>\n\t\t","protected":false},"excerpt":{"rendered":"<p>\u00c9v\u00e9nements D\u00e9couvrez les \u00e9v\u00e9nements passionnants qui c\u00e9l\u00e8brent l&#8217;esprit vibrant du March\u00e9 de l&#8217;Ouest ! Home All Events Up Coming Events.. <span class=\"sb-el-more\"><a href=\"https:\/\/marchedelouest.com\/fr\/evenements\/\" class=\"sb-btn\"><span class=\"sb-icon\"><span class=\"sb-icon-arrow\"><\/span><\/span><span>En savoir plus<\/span><\/a><\/span><\/p>\n","protected":false},"author":1,"featured_media":0,"parent":0,"menu_order":0,"comment_status":"closed","ping_status":"closed","template":"template-layout-builder.php","meta":{"_acf_changed":false,"footnotes":""},"class_list":["post-2229","page","type-page","status-publish","hentry"],"acf":[],"yoast_head":"<!-- This site is optimized with the Yoast SEO plugin v24.0 - https:\/\/yoast.com\/wordpress\/plugins\/seo\/ -->\n<title>\u00c9v\u00e8nements - Marchedelouest<\/title>\n<meta name=\"robots\" content=\"index, follow, max-snippet:-1, max-image-preview:large, max-video-preview:-1\" \/>\n<link rel=\"canonical\" href=\"https:\/\/marchedelouest.com\/fr\/evenements\/\" \/>\n<meta property=\"og:locale\" content=\"fr_FR\" \/>\n<meta property=\"og:type\" content=\"article\" \/>\n<meta property=\"og:title\" content=\"\u00c9v\u00e8nements - Marchedelouest\" \/>\n<meta property=\"og:description\" content=\"\u00c9v\u00e9nements D\u00e9couvrez les \u00e9v\u00e9nements passionnants qui c\u00e9l\u00e8brent l&#8217;esprit vibrant du March\u00e9 de l&#8217;Ouest ! Home All Events Up Coming Events.. En savoir plus\" \/>\n<meta property=\"og:url\" content=\"https:\/\/marchedelouest.com\/fr\/evenements\/\" \/>\n<meta property=\"og:site_name\" content=\"Marchedelouest\" \/>\n<meta property=\"article:modified_time\" content=\"2025-09-26T10:00:38+00:00\" \/>\n<meta property=\"og:image\" content=\"https:\/\/marchedelouest.com\/wp-content\/uploads\/2025\/09\/Thumbnail_FR-1.webp\" \/>\n\t<meta property=\"og:image:width\" content=\"500\" \/>\n\t<meta property=\"og:image:height\" content=\"350\" \/>\n\t<meta property=\"og:image:type\" content=\"image\/webp\" \/>\n<meta name=\"twitter:card\" content=\"summary_large_image\" \/>\n<meta name=\"twitter:label1\" content=\"Dur\u00e9e de lecture estim\u00e9e\" \/>\n\t<meta name=\"twitter:data1\" content=\"1 minute\" \/>\n<script type=\"application\/ld+json\" class=\"yoast-schema-graph\">{\"@context\":\"https:\/\/schema.org\",\"@graph\":[{\"@type\":\"WebPage\",\"@id\":\"https:\/\/marchedelouest.com\/fr\/evenements\/\",\"url\":\"https:\/\/marchedelouest.com\/fr\/evenements\/\",\"name\":\"\u00c9v\u00e8nements - Marchedelouest\",\"isPartOf\":{\"@id\":\"https:\/\/marchedelouest.com\/#website\"},\"primaryImageOfPage\":{\"@id\":\"https:\/\/marchedelouest.com\/fr\/evenements\/#primaryimage\"},\"image\":{\"@id\":\"https:\/\/marchedelouest.com\/fr\/evenements\/#primaryimage\"},\"thumbnailUrl\":\"https:\/\/marchedelouest.com\/wp-content\/uploads\/2025\/09\/Thumbnail_FR-1.webp\",\"datePublished\":\"2024-11-09T16:16:34+00:00\",\"dateModified\":\"2025-09-26T10:00:38+00:00\",\"breadcrumb\":{\"@id\":\"https:\/\/marchedelouest.com\/fr\/evenements\/#breadcrumb\"},\"inLanguage\":\"fr-FR\",\"potentialAction\":[{\"@type\":\"ReadAction\",\"target\":[\"https:\/\/marchedelouest.com\/fr\/evenements\/\"]}]},{\"@type\":\"ImageObject\",\"inLanguage\":\"fr-FR\",\"@id\":\"https:\/\/marchedelouest.com\/fr\/evenements\/#primaryimage\",\"url\":\"https:\/\/marchedelouest.com\/wp-content\/uploads\/2025\/09\/Thumbnail_FR-1.webp\",\"contentUrl\":\"https:\/\/marchedelouest.com\/wp-content\/uploads\/2025\/09\/Thumbnail_FR-1.webp\"},{\"@type\":\"BreadcrumbList\",\"@id\":\"https:\/\/marchedelouest.com\/fr\/evenements\/#breadcrumb\",\"itemListElement\":[{\"@type\":\"ListItem\",\"position\":1,\"name\":\"Home\",\"item\":\"https:\/\/marchedelouest.com\/fr\/home\/\"},{\"@type\":\"ListItem\",\"position\":2,\"name\":\"\u00c9v\u00e8nements\"}]},{\"@type\":\"WebSite\",\"@id\":\"https:\/\/marchedelouest.com\/#website\",\"url\":\"https:\/\/marchedelouest.com\/\",\"name\":\"Marchedelouest\",\"description\":\"Your Local Market, Fresh from the West\",\"publisher\":{\"@id\":\"https:\/\/marchedelouest.com\/#organization\"},\"potentialAction\":[{\"@type\":\"SearchAction\",\"target\":{\"@type\":\"EntryPoint\",\"urlTemplate\":\"https:\/\/marchedelouest.com\/?s={search_term_string}\"},\"query-input\":{\"@type\":\"PropertyValueSpecification\",\"valueRequired\":true,\"valueName\":\"search_term_string\"}}],\"inLanguage\":\"fr-FR\"},{\"@type\":\"Organization\",\"@id\":\"https:\/\/marchedelouest.com\/#organization\",\"name\":\"Marchedelouest\",\"url\":\"https:\/\/marchedelouest.com\/\",\"logo\":{\"@type\":\"ImageObject\",\"inLanguage\":\"fr-FR\",\"@id\":\"https:\/\/marchedelouest.com\/#\/schema\/logo\/image\/\",\"url\":\"https:\/\/marchedelouest.com\/wp-content\/uploads\/2022\/07\/MDO-logo.png\",\"contentUrl\":\"https:\/\/marchedelouest.com\/wp-content\/uploads\/2022\/07\/MDO-logo.png\",\"width\":1088,\"height\":867,\"caption\":\"Marchedelouest\"},\"image\":{\"@id\":\"https:\/\/marchedelouest.com\/#\/schema\/logo\/image\/\"}}]}<\/script>\n<!-- \/ Yoast SEO plugin. -->","yoast_head_json":{"title":"\u00c9v\u00e8nements - Marchedelouest","robots":{"index":"index","follow":"follow","max-snippet":"max-snippet:-1","max-image-preview":"max-image-preview:large","max-video-preview":"max-video-preview:-1"},"canonical":"https:\/\/marchedelouest.com\/fr\/evenements\/","og_locale":"fr_FR","og_type":"article","og_title":"\u00c9v\u00e8nements - Marchedelouest","og_description":"\u00c9v\u00e9nements D\u00e9couvrez les \u00e9v\u00e9nements passionnants qui c\u00e9l\u00e8brent l&#8217;esprit vibrant du March\u00e9 de l&#8217;Ouest ! Home All Events Up Coming Events.. En savoir plus","og_url":"https:\/\/marchedelouest.com\/fr\/evenements\/","og_site_name":"Marchedelouest","article_modified_time":"2025-09-26T10:00:38+00:00","og_image":[{"width":500,"height":350,"url":"https:\/\/marchedelouest.com\/wp-content\/uploads\/2025\/09\/Thumbnail_FR-1.webp","type":"image\/webp"}],"twitter_card":"summary_large_image","twitter_misc":{"Dur\u00e9e de lecture estim\u00e9e":"1 minute"},"schema":{"@context":"https:\/\/schema.org","@graph":[{"@type":"WebPage","@id":"https:\/\/marchedelouest.com\/fr\/evenements\/","url":"https:\/\/marchedelouest.com\/fr\/evenements\/","name":"\u00c9v\u00e8nements - Marchedelouest","isPartOf":{"@id":"https:\/\/marchedelouest.com\/#website"},"primaryImageOfPage":{"@id":"https:\/\/marchedelouest.com\/fr\/evenements\/#primaryimage"},"image":{"@id":"https:\/\/marchedelouest.com\/fr\/evenements\/#primaryimage"},"thumbnailUrl":"https:\/\/marchedelouest.com\/wp-content\/uploads\/2025\/09\/Thumbnail_FR-1.webp","datePublished":"2024-11-09T16:16:34+00:00","dateModified":"2025-09-26T10:00:38+00:00","breadcrumb":{"@id":"https:\/\/marchedelouest.com\/fr\/evenements\/#breadcrumb"},"inLanguage":"fr-FR","potentialAction":[{"@type":"ReadAction","target":["https:\/\/marchedelouest.com\/fr\/evenements\/"]}]},{"@type":"ImageObject","inLanguage":"fr-FR","@id":"https:\/\/marchedelouest.com\/fr\/evenements\/#primaryimage","url":"https:\/\/marchedelouest.com\/wp-content\/uploads\/2025\/09\/Thumbnail_FR-1.webp","contentUrl":"https:\/\/marchedelouest.com\/wp-content\/uploads\/2025\/09\/Thumbnail_FR-1.webp"},{"@type":"BreadcrumbList","@id":"https:\/\/marchedelouest.com\/fr\/evenements\/#breadcrumb","itemListElement":[{"@type":"ListItem","position":1,"name":"Home","item":"https:\/\/marchedelouest.com\/fr\/home\/"},{"@type":"ListItem","position":2,"name":"\u00c9v\u00e8nements"}]},{"@type":"WebSite","@id":"https:\/\/marchedelouest.com\/#website","url":"https:\/\/marchedelouest.com\/","name":"Marchedelouest","description":"Your Local Market, Fresh from the West","publisher":{"@id":"https:\/\/marchedelouest.com\/#organization"},"potentialAction":[{"@type":"SearchAction","target":{"@type":"EntryPoint","urlTemplate":"https:\/\/marchedelouest.com\/?s={search_term_string}"},"query-input":{"@type":"PropertyValueSpecification","valueRequired":true,"valueName":"search_term_string"}}],"inLanguage":"fr-FR"},{"@type":"Organization","@id":"https:\/\/marchedelouest.com\/#organization","name":"Marchedelouest","url":"https:\/\/marchedelouest.com\/","logo":{"@type":"ImageObject","inLanguage":"fr-FR","@id":"https:\/\/marchedelouest.com\/#\/schema\/logo\/image\/","url":"https:\/\/marchedelouest.com\/wp-content\/uploads\/2022\/07\/MDO-logo.png","contentUrl":"https:\/\/marchedelouest.com\/wp-content\/uploads\/2022\/07\/MDO-logo.png","width":1088,"height":867,"caption":"Marchedelouest"},"image":{"@id":"https:\/\/marchedelouest.com\/#\/schema\/logo\/image\/"}}]}},"_links":{"self":[{"href":"https:\/\/marchedelouest.com\/fr\/wp-json\/wp\/v2\/pages\/2229","targetHints":{"allow":["GET"]}}],"collection":[{"href":"https:\/\/marchedelouest.com\/fr\/wp-json\/wp\/v2\/pages"}],"about":[{"href":"https:\/\/marchedelouest.com\/fr\/wp-json\/wp\/v2\/types\/page"}],"author":[{"embeddable":true,"href":"https:\/\/marchedelouest.com\/fr\/wp-json\/wp\/v2\/users\/1"}],"replies":[{"embeddable":true,"href":"https:\/\/marchedelouest.com\/fr\/wp-json\/wp\/v2\/comments?post=2229"}],"version-history":[{"count":46,"href":"https:\/\/marchedelouest.com\/fr\/wp-json\/wp\/v2\/pages\/2229\/revisions"}],"predecessor-version":[{"id":3835,"href":"https:\/\/marchedelouest.com\/fr\/wp-json\/wp\/v2\/pages\/2229\/revisions\/3835"}],"wp:attachment":[{"href":"https:\/\/marchedelouest.com\/fr\/wp-json\/wp\/v2\/media?parent=2229"}],"curies":[{"name":"wp","href":"https:\/\/api.w.org\/{rel}","templated":true}]}}