{"id":2221,"date":"2022-07-26T16:25:57","date_gmt":"2022-07-26T20:25:57","guid":{"rendered":"https:\/\/marchedelouest.com\/contact\/"},"modified":"2025-11-24T11:08:02","modified_gmt":"2025-11-24T16:08:02","slug":"contact","status":"publish","type":"page","link":"https:\/\/marchedelouest.com\/fr\/contact\/","title":{"rendered":"Contact"},"content":{"rendered":"\t\t<div data-elementor-type=\"wp-page\" data-elementor-id=\"2221\" class=\"elementor elementor-2221 elementor-780\">\n\t\t\t\t\t\t<section class=\"elementor-section elementor-top-section elementor-element elementor-element-a9d24b9 elementor-section-full_width elementor-section-height-default elementor-section-height-default\" data-id=\"a9d24b9\" data-element_type=\"section\">\n\t\t\t\t\t\t<div class=\"elementor-container elementor-column-gap-no\">\n\t\t\t\t\t<div class=\"elementor-column elementor-col-100 elementor-top-column elementor-element elementor-element-182c52e\" data-id=\"182c52e\" data-element_type=\"column\">\n\t\t\t<div class=\"elementor-widget-wrap elementor-element-populated\">\n\t\t\t\t\t\t<div class=\"elementor-element elementor-element-ecc038e elementor-widget elementor-widget-starbelly-intro-reservation\" data-id=\"ecc038e\" data-element_type=\"widget\" data-widget_type=\"starbelly-intro-reservation.default\">\n\t\t\t\t<div class=\"elementor-widget-container\">\n\t\t\t\t\t\n    <!-- banner -->\n    <section class=\"sb-banner sb-banner-color\">\n      <div class=\"container\">\n        <div class=\"row align-items-center\">\n          <div class=\"col-lg-7\">\n            <!-- main title -->\n            <div class=\"sb-main-title-frame\">\n              <div class=\"sb-main-title\">\n                                <span class=\"sb-suptitle sb-mb-30\">\n                  <span >\n                    Contact                  <\/span>\n                <\/span>\n                                                <h1 class=\"sb-title-el sb-mb-30\">\n                  <span >\n                    Pour prendre contact avec March\u00e9 de L\u2019Ouest                  <\/span>\n                <\/h1>\n                                                                <ul class=\"sb-breadcrumbs\"><li><a href=\"https:\/\/marchedelouest.com\/fr\/\" title=\"Marchedelouest\">Accueil<\/a><\/li><li class=\"sb-active\"><a ><\/a><\/li><\/ul>                              <\/div>\n            <\/div>\n            <!-- main title end -->\n          <\/div>\n          <div class=\"col-lg-5\">\n            <div class=\"sb-contact-form-frame\">\n              <div class=\"sb-illustration-9\">\n                \t\t\t\t\t\t\t\t                                <div class=\"sb-cirkle-1\"><\/div>\n                <div class=\"sb-cirkle-2\"><\/div>\n                <div class=\"sb-cirkle-3\"><\/div>\n                              <\/div>\n              <div class=\"sb-form-content\">\n                <div class=\"sb-main-content\">\n                                    <h3 class=\"sb-mb-30\">\n                    <span >\n                      Envoyer un message                    <\/span>\n                  <\/h3>\n                                        \t          \t      \t                \t\n<div class=\"wpcf7 no-js\" id=\"wpcf7-f2581-o1\" lang=\"en-US\" dir=\"ltr\" data-wpcf7-id=\"2581\">\n<div class=\"screen-reader-response\"><p role=\"status\" aria-live=\"polite\" aria-atomic=\"true\"><\/p> <ul><\/ul><\/div>\n<form action=\"\/fr\/wp-json\/wp\/v2\/pages\/2221#wpcf7-f2581-o1\" method=\"post\" class=\"wpcf7-form init\" aria-label=\"Contact form\" novalidate=\"novalidate\" data-status=\"init\">\n<div style=\"display: none;\">\n<input type=\"hidden\" name=\"_wpcf7\" value=\"2581\" \/>\n<input type=\"hidden\" name=\"_wpcf7_version\" value=\"6.0.1\" \/>\n<input type=\"hidden\" name=\"_wpcf7_locale\" value=\"en_US\" \/>\n<input type=\"hidden\" name=\"_wpcf7_unit_tag\" value=\"wpcf7-f2581-o1\" \/>\n<input type=\"hidden\" name=\"_wpcf7_container_post\" value=\"0\" \/>\n<input type=\"hidden\" name=\"_wpcf7_posted_data_hash\" value=\"\" \/>\n<\/div>\n<div class=\"sb-group-input\">\n  <span class=\"wpcf7-form-control-wrap\" data-name=\"cf_name\"><input size=\"40\" maxlength=\"400\" class=\"wpcf7-form-control wpcf7-text wpcf7-validates-as-required\" aria-required=\"true\" aria-invalid=\"false\" placeholder=\"Nom\" value=\"\" type=\"text\" name=\"cf_name\" \/><\/span>\n<\/div>\n<div class=\"sb-group-input\">\n  <span class=\"wpcf7-form-control-wrap\" data-name=\"cf_email\"><input size=\"40\" maxlength=\"400\" class=\"wpcf7-form-control wpcf7-email wpcf7-validates-as-required wpcf7-text wpcf7-validates-as-email\" aria-required=\"true\" aria-invalid=\"false\" placeholder=\"Courriel\" value=\"\" type=\"email\" name=\"cf_email\" \/><\/span>\n<\/div>\n<div class=\"sb-group-input\">\n  <span class=\"wpcf7-form-control-wrap\" data-name=\"cf_message\"><textarea cols=\"40\" rows=\"10\" maxlength=\"2000\" class=\"wpcf7-form-control wpcf7-textarea wpcf7-validates-as-required\" aria-required=\"true\" aria-invalid=\"false\" placeholder=\"Message\" name=\"cf_message\"><\/textarea><\/span>\n<\/div>\n<p class=\"sb-text sb-text-xs sb-mb-30\">*Nous nous engageons \u00e0 ne pas divulguer<br>vos informations personnelles \u00e0 des tiers.<\/p>\n<!-- button -->\n<button class=\"sb-btn sb-cf-submit\" type=\"submit\">\n  <span class=\"sb-icon\">\n    <span class=\"sb-icon-arrow\"><\/span>\n  <\/span>\n  <span>Envoyer<\/span>\n<\/button>\n<!-- button end --><div class=\"wpcf7-response-output\" aria-hidden=\"true\"><\/div>\n<\/form>\n<\/div>\n    \t                    \t                          <\/div>\n              <\/div>\n            <\/div>\n          <\/div>\n        <\/div>\n      <\/div>\n    <\/section>\n    <!-- banner end -->\n\n\t\t\t\t\t\t<\/div>\n\t\t\t\t<\/div>\n\t\t\t\t\t<\/div>\n\t\t<\/div>\n\t\t\t\t\t<\/div>\n\t\t<\/section>\n\t\t\t\t<section class=\"elementor-section elementor-top-section elementor-element elementor-element-c7261e7 elementor-section-full_width elementor-section-height-default elementor-section-height-default\" data-id=\"c7261e7\" data-element_type=\"section\">\n\t\t\t\t\t\t<div class=\"elementor-container elementor-column-gap-no\">\n\t\t\t\t\t<div class=\"elementor-column elementor-col-100 elementor-top-column elementor-element elementor-element-9f99de2\" data-id=\"9f99de2\" data-element_type=\"column\">\n\t\t\t<div class=\"elementor-widget-wrap elementor-element-populated\">\n\t\t\t\t\t\t<div class=\"elementor-element elementor-element-fdbb31f elementor-widget elementor-widget-starbelly-features-2\" data-id=\"fdbb31f\" data-element_type=\"widget\" data-widget_type=\"starbelly-features-2.default\">\n\t\t\t\t<div class=\"elementor-widget-container\">\n\t\t\t\t\t\n\t\t<!-- features -->\n\t\t<section class=\"sb-features sb-p-0-30\">\n\t\t\t<div class=\"container\">\n\t\t\t\t\t\t\t\t<div class=\"row\">\n\t\t\t\t\t\t\t\t\t\t<div class=\"col-lg-4\">\n\t\t\t\t\t\t<div class=\"sb-features-item sb-mb-60\">\n\t\t\t\t\t\t\t\t\t\t\t\t\t\t<div class=\"sb-feature-text\">\n\t\t\t\t\t\t\t\t\t\t\t\t\t\t\t\t<h3 class=\"sb-mb-15\">\n\t\t\t\t\t\t\t\t\t<span >\n\t\t\t\t\t\t\t\t\t\tADRESSE\u200b\t\t\t\t\t\t\t\t\t<\/span>\n\t\t\t\t\t\t\t\t<\/h3>\n\t\t\t\t\t\t\t\t\t\t\t\t\t\t\t\t\t\t\t\t\t\t\t\t<div class=\"sb-text\">\n\t\t\t\t\t\t\t\t\t<div >\n\t\t\t\t\t\t\t\t\t\t<div><strong>MARCH\u00c9 DE L\u2019OUEST<\/strong><\/div><div>11600, boulevard de Salaberry<\/div><div>Dollard-des-Ormeaux (Qu\u00e9bec)<\/div><div>H9B 2R8<\/div>\t\t\t\t\t\t\t\t\t<\/div>\n\t\t\t\t\t\t\t\t<\/div>\n\t\t\t\t\t\t\t\t\t\t\t\t\t\t\t<\/div>\n\t\t\t\t\t\t<\/div>\n\t\t\t\t\t<\/div>\n\t\t\t\t\t\t\t\t\t\t<div class=\"col-lg-4\">\n\t\t\t\t\t\t<div class=\"sb-features-item sb-mb-60\">\n\t\t\t\t\t\t\t\t\t\t\t\t\t\t<div class=\"sb-feature-text\">\n\t\t\t\t\t\t\t\t\t\t\t\t\t\t\t\t<h3 class=\"sb-mb-15\">\n\t\t\t\t\t\t\t\t\t<span >\n\t\t\t\t\t\t\t\t\t\tT\u00c9L\u00c9PHONE\t\t\t\t\t\t\t\t\t<\/span>\n\t\t\t\t\t\t\t\t<\/h3>\n\t\t\t\t\t\t\t\t\t\t\t\t\t\t\t\t\t\t\t\t\t\t\t\t<div class=\"sb-text\">\n\t\t\t\t\t\t\t\t\t<div >\n\t\t\t\t\t\t\t\t\t\t<div style=\"margin-bottom: 20px\"><a href=\"tel:5146850183\">514-685-0183<\/a><\/div>\t\t\t\t\t\t\t\t\t<\/div>\n\t\t\t\t\t\t\t\t<\/div>\n\t\t\t\t\t\t\t\t\t\t\t\t\t\t\t<\/div>\n\t\t\t\t\t\t<\/div>\n\t\t\t\t\t<\/div>\n\t\t\t\t\t\t\t\t\t\t<div class=\"col-lg-4\">\n\t\t\t\t\t\t<div class=\"sb-features-item sb-mb-60\">\n\t\t\t\t\t\t\t\t\t\t\t\t\t\t<div class=\"sb-feature-text\">\n\t\t\t\t\t\t\t\t\t\t\t\t\t\t\t\t<h3 class=\"sb-mb-15\">\n\t\t\t\t\t\t\t\t\t<span >\n\t\t\t\t\t\t\t\t\t\tCOURRIEL\t\t\t\t\t\t\t\t\t<\/span>\n\t\t\t\t\t\t\t\t<\/h3>\n\t\t\t\t\t\t\t\t\t\t\t\t\t\t\t\t\t\t\t\t\t\t\t\t<div class=\"sb-text\">\n\t\t\t\t\t\t\t\t\t<div >\n\t\t\t\t\t\t\t\t\t\t<p><a href=\"mailto:info@marchedelouest.com\">info@marchedelouest.com<\/a><\/p>\t\t\t\t\t\t\t\t\t<\/div>\n\t\t\t\t\t\t\t\t<\/div>\n\t\t\t\t\t\t\t\t\t\t\t\t\t\t\t<\/div>\n\t\t\t\t\t\t<\/div>\n\t\t\t\t\t<\/div>\n\t\t\t\t\t\t\t\t\t\t<div class=\"col-lg-4\">\n\t\t\t\t\t\t<div class=\"sb-features-item sb-mb-60\">\n\t\t\t\t\t\t\t\t\t\t\t\t\t\t<div class=\"sb-feature-text\">\n\t\t\t\t\t\t\t\t\t\t\t\t\t\t\t\t<h3 class=\"sb-mb-15\">\n\t\t\t\t\t\t\t\t\t<span >\n\t\t\t\t\t\t\t\t\t\tPOUR S\u2019Y RENDRE\t\t\t\t\t\t\t\t\t<\/span>\n\t\t\t\t\t\t\t\t<\/h3>\n\t\t\t\t\t\t\t\t\t\t\t\t\t\t\t\t\t\t\t\t\t\t\t\t<div class=\"sb-text\">\n\t\t\t\t\t\t\t\t\t<div >\n\t\t\t\t\t\t\t\t\t\t<ul><li class=\"sb-mb-15\"><strong>En voiture:<\/strong> Autoroute 40, sortie 55 \u2013 Boulevard des Sources.<\/li><li><strong>En transport en commun:<\/strong> Station de m\u00e9tro C\u00f4te Vertu, autobus 215, 225 ou 409<\/li><\/ul>\t\t\t\t\t\t\t\t\t<\/div>\n\t\t\t\t\t\t\t\t<\/div>\n\t\t\t\t\t\t\t\t\t\t\t\t\t\t\t<\/div>\n\t\t\t\t\t\t<\/div>\n\t\t\t\t\t<\/div>\n\t\t\t\t\t\t\t\t\t\t<div class=\"col-lg-4\">\n\t\t\t\t\t\t<div class=\"sb-features-item sb-mb-60\">\n\t\t\t\t\t\t\t\t\t\t\t\t\t\t<div class=\"sb-feature-text\">\n\t\t\t\t\t\t\t\t\t\t\t\t\t\t\t\t<h3 class=\"sb-mb-15\">\n\t\t\t\t\t\t\t\t\t<span >\n\t\t\t\t\t\t\t\t\t\tCOMMODIT\u00c9S\t\t\t\t\t\t\t\t\t<\/span>\n\t\t\t\t\t\t\t\t<\/h3>\n\t\t\t\t\t\t\t\t\t\t\t\t\t\t\t\t\t\t\t\t\t\t\t\t<div class=\"sb-text\">\n\t\t\t\t\t\t\t\t\t<div >\n\t\t\t\t\t\t\t\t\t\t<ul><li>- Distributeurs automatiques de billets (ATM)<\/li><li>- Chaises hautes<\/li><li>- Toilettes<\/li><li>- Transports en commun<\/li><li>- Paratransit<\/li><li>- Taxis<\/li><li>- Stationnement ext\u00e9rieur<\/li><\/ul>\t\t\t\t\t\t\t\t\t<\/div>\n\t\t\t\t\t\t\t\t<\/div>\n\t\t\t\t\t\t\t\t\t\t\t\t\t\t\t<\/div>\n\t\t\t\t\t\t<\/div>\n\t\t\t\t\t<\/div>\n\t\t\t\t\t\t\t\t\t\t<div class=\"col-lg-4\">\n\t\t\t\t\t\t<div class=\"sb-features-item sb-mb-60\">\n\t\t\t\t\t\t\t\t\t\t\t\t\t\t<div class=\"sb-feature-text\">\n\t\t\t\t\t\t\t\t\t\t\t\t\t\t\t\t<h3 class=\"sb-mb-15\">\n\t\t\t\t\t\t\t\t\t<span >\n\t\t\t\t\t\t\t\t\t\tHEURES D\u2019OUVERTURE\t\t\t\t\t\t\t\t\t<\/span>\n\t\t\t\t\t\t\t\t<\/h3>\n\t\t\t\t\t\t\t\t\t\t\t\t\t\t\t\t\t\t\t\t\t\t\t\t<div class=\"sb-text\">\n\t\t\t\t\t\t\t\t\t<div >\n\t\t\t\t\t\t\t\t\t\t<table>\n<tbody>\n<tr>\n<td><b>Lundi<\/b><\/td>\n<td>9h \u00e0 17h <\/td>\n<\/tr>\n<tr>\n<td><b>Mardi <\/b><\/td>\n<td>9h \u00e0 17h<\/td>\n<\/tr>\n<tr>\n<td><b>Mercredi<\/b><\/td>\n<td>9h \u00e0 17h<\/td>\n<\/tr>\n<tr>\n<td><b>Jeudi<\/b><\/td>\n<td>9h \u00e0 21h<\/td>\n<\/tr>\n<tr>\n<td><b>Vendredi<\/b><\/td>\n<td>9h \u00e0 21h<\/td>\n<\/tr>\n<tr>\n<td><b>Samedi<\/b><\/td>\n<td>9h \u00e0 17h<\/td>\n<\/tr>\n<tr>\n<td><b>Dimanche<\/b><\/td>\n<td>9h \u00e0 17h<\/td>\n<\/tr>\n<\/tbody>\n<\/table>\t\t\t\t\t\t\t\t\t<\/div>\n\t\t\t\t\t\t\t\t<\/div>\n\t\t\t\t\t\t\t\t\t\t\t\t\t\t\t<\/div>\n\t\t\t\t\t\t<\/div>\n\t\t\t\t\t<\/div>\n\t\t\t\t\t\t\t\t\t<\/div>\n\t\t\t\t\t\t\t<\/div>\n\t\t<\/section>\n\t\t<!-- features end -->\n\n\t\t\t\t\t\t<\/div>\n\t\t\t\t<\/div>\n\t\t\t\t\t<\/div>\n\t\t<\/div>\n\t\t\t\t\t<\/div>\n\t\t<\/section>\n\t\t<div class=\"elementor-element elementor-element-375fae0 e-con-full e-flex e-con e-parent\" data-id=\"375fae0\" data-element_type=\"container\">\n\t\t\t\t<div class=\"elementor-element elementor-element-f0d2650 elementor-widget elementor-widget-google_maps\" data-id=\"f0d2650\" data-element_type=\"widget\" data-widget_type=\"google_maps.default\">\n\t\t\t\t<div class=\"elementor-widget-container\">\n\t\t\t\t\t\t\t<div class=\"elementor-custom-embed\">\n\t\t\t<iframe loading=\"lazy\"\n\t\t\t\t\tsrc=\"https:\/\/maps.google.com\/maps?q=MARCH%C3%89%20DE%20L%E2%80%99OUEST%2C%2011600%2C%20boulevard%20de%20Salaberry%20Dollard-des-Ormeaux%20%28Qu%C3%A9bec%29%20H9B%202R8&#038;t=m&#038;z=16&#038;output=embed&#038;iwloc=near\"\n\t\t\t\t\ttitle=\"MARCH\u00c9 DE L\u2019OUEST, 11600, boulevard de Salaberry Dollard-des-Ormeaux (Qu\u00e9bec) H9B 2R8\"\n\t\t\t\t\taria-label=\"MARCH\u00c9 DE L\u2019OUEST, 11600, boulevard de Salaberry Dollard-des-Ormeaux (Qu\u00e9bec) H9B 2R8\"\n\t\t\t><\/iframe>\n\t\t<\/div>\n\t\t\t\t\t\t<\/div>\n\t\t\t\t<\/div>\n\t\t\t\t<\/div>\n\t\t<div class=\"elementor-element elementor-element-8de2807 e-flex e-con-boxed e-con e-parent\" data-id=\"8de2807\" data-element_type=\"container\">\n\t\t\t\t\t<div class=\"e-con-inner\">\n\t\t<div class=\"elementor-element elementor-element-4bedf12 e-con-full e-flex e-con e-child\" data-id=\"4bedf12\" data-element_type=\"container\">\n\t\t<div class=\"elementor-element elementor-element-a6e0e1a e-con-full e-flex e-con e-child\" data-id=\"a6e0e1a\" data-element_type=\"container\">\n\t\t\t\t<div class=\"elementor-element elementor-element-a618bbf elementor-widget elementor-widget-heading\" data-id=\"a618bbf\" data-element_type=\"widget\" data-widget_type=\"heading.default\">\n\t\t\t\t<div class=\"elementor-widget-container\">\n\t\t\t\t\t<h3 class=\"elementor-heading-title elementor-size-default\">LOUER UN ESPACE COMMERCIAL<\/h3>\t\t\t\t<\/div>\n\t\t\t\t<\/div>\n\t\t\t\t<div class=\"elementor-element elementor-element-dba34cc elementor-widget elementor-widget-text-editor\" data-id=\"dba34cc\" data-element_type=\"widget\" data-widget_type=\"text-editor.default\">\n\t\t\t\t<div class=\"elementor-widget-container\">\n\t\t\t\t\t\t\t\t\tPour toute information ou question concernant les locaux disponibles \u00e0 la location situ\u00e9s au sein du March\u00e9 de l\u2019Ouest, veuillez contacter :\t\t\t\t\t\t\t\t<\/div>\n\t\t\t\t<\/div>\n\t\t\t\t<div class=\"elementor-element elementor-element-80321d9 elementor-widget elementor-widget-text-editor\" data-id=\"80321d9\" data-element_type=\"widget\" data-widget_type=\"text-editor.default\">\n\t\t\t\t<div class=\"elementor-widget-container\">\n\t\t\t\t\t\t\t\t\t<div><strong>St\u00e9phanie L\u00e9onard<\/strong><\/div>\n<div>Directrice principale de Location<\/div>\n<div><strong>514-286-0188 <\/strong> poste <strong>256<\/strong><\/div>\n<div><a href=\"mailto:sleonard@btbreit.com\">sleonard@btbreit.com<\/a><\/div>\t\t\t\t\t\t\t\t<\/div>\n\t\t\t\t<\/div>\n\t\t\t\t<\/div>\n\t\t<div class=\"elementor-element elementor-element-ff860e4 e-con-full e-flex e-con e-child\" data-id=\"ff860e4\" data-element_type=\"container\">\n\t\t\t\t<div class=\"elementor-element elementor-element-966f3ca elementor-widget elementor-widget-image\" data-id=\"966f3ca\" data-element_type=\"widget\" data-widget_type=\"image.default\">\n\t\t\t\t<div class=\"elementor-widget-container\">\n\t\t\t\t\t\t\t\t\t\t\t\t\t\t\t<img fetchpriority=\"high\" decoding=\"async\" width=\"2000\" height=\"1333\" src=\"https:\/\/marchedelouest.com\/wp-content\/uploads\/2024\/11\/March_de_l_ouest_2.jpg\" class=\"attachment-full size-full wp-image-3195\" alt=\"\" srcset=\"https:\/\/marchedelouest.com\/wp-content\/uploads\/2024\/11\/March_de_l_ouest_2.jpg 2000w, https:\/\/marchedelouest.com\/wp-content\/uploads\/2024\/11\/March_de_l_ouest_2-300x200.jpg 300w, https:\/\/marchedelouest.com\/wp-content\/uploads\/2024\/11\/March_de_l_ouest_2-1024x682.jpg 1024w, https:\/\/marchedelouest.com\/wp-content\/uploads\/2024\/11\/March_de_l_ouest_2-768x512.jpg 768w, https:\/\/marchedelouest.com\/wp-content\/uploads\/2024\/11\/March_de_l_ouest_2-1536x1024.jpg 1536w, https:\/\/marchedelouest.com\/wp-content\/uploads\/2024\/11\/March_de_l_ouest_2-950x633.jpg 950w, https:\/\/marchedelouest.com\/wp-content\/uploads\/2024\/11\/March_de_l_ouest_2-1920x1280.jpg 1920w\" sizes=\"(max-width: 2000px) 100vw, 2000px\" \/>\t\t\t\t\t\t\t\t\t\t\t\t\t\t\t<\/div>\n\t\t\t\t<\/div>\n\t\t\t\t<\/div>\n\t\t\t\t<\/div>\n\t\t\t\t\t<\/div>\n\t\t\t\t<\/div>\n\t\t<div class=\"elementor-element elementor-element-d708a94 e-flex e-con-boxed e-con e-parent\" data-id=\"d708a94\" data-element_type=\"container\">\n\t\t\t\t\t<div class=\"e-con-inner\">\n\t\t<div class=\"elementor-element elementor-element-b736373 e-con-full e-flex e-con e-child\" data-id=\"b736373\" data-element_type=\"container\">\n\t\t<div class=\"elementor-element elementor-element-248e414 e-con-full e-flex e-con e-child\" data-id=\"248e414\" data-element_type=\"container\">\n\t\t\t\t<div class=\"elementor-element elementor-element-cf065ad elementor-widget elementor-widget-heading\" data-id=\"cf065ad\" data-element_type=\"widget\" data-widget_type=\"heading.default\">\n\t\t\t\t<div class=\"elementor-widget-container\">\n\t\t\t\t\t<h3 class=\"elementor-heading-title elementor-size-default\">\u00c0 PROPOS DE BTB<\/h3>\t\t\t\t<\/div>\n\t\t\t\t<\/div>\n\t\t\t\t<div class=\"elementor-element elementor-element-442d25a elementor-widget elementor-widget-text-editor\" data-id=\"442d25a\" data-element_type=\"widget\" data-widget_type=\"text-editor.default\">\n\t\t\t\t<div class=\"elementor-widget-container\">\n\t\t\t\t\t\t\t\t\tBTB est un Fonds de Placement Immobilier inscrit \u00e0 la Bourse de Toronto. BTB investit dans des propri\u00e9t\u00e9s industrielles, de bureaux en banlieue et de commerces de premi\u00e8re n\u00e9cessit\u00e9  partout au Canada pour le b\u00e9n\u00e9fice de ses investisseurs. En 2012, le FPI BTB a acquis le March\u00e9 de l\u2019Ouest.\t\t\t\t\t\t\t\t<\/div>\n\t\t\t\t<\/div>\n\t\t\t\t<div class=\"elementor-element elementor-element-85372a7 elementor-widget elementor-widget-text-editor\" data-id=\"85372a7\" data-element_type=\"widget\" data-widget_type=\"text-editor.default\">\n\t\t\t\t<div class=\"elementor-widget-container\">\n\t\t\t\t\t\t\t\t\tPour plus d\u2019informations sur BTB, veuillez visiter notre site Web :  <a href=\"https:\/\/www.btbreit.com\/\" target=\"_blank\" rel=\"noopener\">btbreit.com<\/a>\t\t\t\t\t\t\t\t<\/div>\n\t\t\t\t<\/div>\n\t\t\t\t<\/div>\n\t\t\t\t<\/div>\n\t\t\t\t\t<\/div>\n\t\t\t\t<\/div>\n\t\t\t\t<\/div>\n\t\t","protected":false},"excerpt":{"rendered":"<p>Contact Pour prendre contact avec March\u00e9 de L\u2019Ouest Home Envoyer un message *Nous nous engageons \u00e0 ne pas divulguervos informations.. <span class=\"sb-el-more\"><a href=\"https:\/\/marchedelouest.com\/fr\/contact\/\" class=\"sb-btn\"><span class=\"sb-icon\"><span class=\"sb-icon-arrow\"><\/span><\/span><span>En savoir plus<\/span><\/a><\/span><\/p>\n","protected":false},"author":1,"featured_media":0,"parent":0,"menu_order":0,"comment_status":"closed","ping_status":"closed","template":"template-layout-builder.php","meta":{"_acf_changed":false,"footnotes":""},"class_list":["post-2221","page","type-page","status-publish","hentry"],"acf":[],"yoast_head":"<!-- This site is optimized with the Yoast SEO plugin v24.0 - https:\/\/yoast.com\/wordpress\/plugins\/seo\/ -->\n<title>Contact - Marchedelouest<\/title>\n<meta name=\"robots\" content=\"index, follow, max-snippet:-1, max-image-preview:large, max-video-preview:-1\" \/>\n<link rel=\"canonical\" href=\"https:\/\/marchedelouest.com\/contact\/\" \/>\n<meta property=\"og:locale\" content=\"fr_FR\" \/>\n<meta property=\"og:type\" content=\"article\" \/>\n<meta property=\"og:title\" content=\"Contact - Marchedelouest\" \/>\n<meta property=\"og:description\" content=\"Contact Pour prendre contact avec March\u00e9 de L\u2019Ouest Home Envoyer un message *Nous nous engageons \u00e0 ne pas divulguervos informations.. En savoir plus\" \/>\n<meta property=\"og:url\" content=\"https:\/\/marchedelouest.com\/contact\/\" \/>\n<meta property=\"og:site_name\" content=\"Marchedelouest\" \/>\n<meta property=\"article:modified_time\" content=\"2025-11-24T16:08:02+00:00\" \/>\n<meta property=\"og:image\" content=\"https:\/\/marchedelouest.com\/wp-content\/uploads\/2024\/11\/March_de_l_ouest_2.jpg\" \/>\n\t<meta property=\"og:image:width\" content=\"2000\" \/>\n\t<meta property=\"og:image:height\" content=\"1333\" \/>\n\t<meta property=\"og:image:type\" content=\"image\/jpeg\" \/>\n<meta name=\"twitter:card\" content=\"summary_large_image\" \/>\n<meta name=\"twitter:label1\" content=\"Dur\u00e9e de lecture estim\u00e9e\" \/>\n\t<meta name=\"twitter:data1\" content=\"2 minutes\" \/>\n<script type=\"application\/ld+json\" class=\"yoast-schema-graph\">{\"@context\":\"https:\/\/schema.org\",\"@graph\":[{\"@type\":\"WebPage\",\"@id\":\"https:\/\/marchedelouest.com\/contact\/\",\"url\":\"https:\/\/marchedelouest.com\/contact\/\",\"name\":\"Contact - Marchedelouest\",\"isPartOf\":{\"@id\":\"https:\/\/marchedelouest.com\/#website\"},\"primaryImageOfPage\":{\"@id\":\"https:\/\/marchedelouest.com\/contact\/#primaryimage\"},\"image\":{\"@id\":\"https:\/\/marchedelouest.com\/contact\/#primaryimage\"},\"thumbnailUrl\":\"https:\/\/marchedelouest.com\/wp-content\/uploads\/2024\/11\/March_de_l_ouest_2.jpg\",\"datePublished\":\"2022-07-26T20:25:57+00:00\",\"dateModified\":\"2025-11-24T16:08:02+00:00\",\"breadcrumb\":{\"@id\":\"https:\/\/marchedelouest.com\/contact\/#breadcrumb\"},\"inLanguage\":\"fr-FR\",\"potentialAction\":[{\"@type\":\"ReadAction\",\"target\":[\"https:\/\/marchedelouest.com\/contact\/\"]}]},{\"@type\":\"ImageObject\",\"inLanguage\":\"fr-FR\",\"@id\":\"https:\/\/marchedelouest.com\/contact\/#primaryimage\",\"url\":\"https:\/\/marchedelouest.com\/wp-content\/uploads\/2024\/11\/March_de_l_ouest_2.jpg\",\"contentUrl\":\"https:\/\/marchedelouest.com\/wp-content\/uploads\/2024\/11\/March_de_l_ouest_2.jpg\"},{\"@type\":\"BreadcrumbList\",\"@id\":\"https:\/\/marchedelouest.com\/contact\/#breadcrumb\",\"itemListElement\":[{\"@type\":\"ListItem\",\"position\":1,\"name\":\"Home\",\"item\":\"https:\/\/marchedelouest.com\/fr\/home\/\"},{\"@type\":\"ListItem\",\"position\":2,\"name\":\"Contact\"}]},{\"@type\":\"WebSite\",\"@id\":\"https:\/\/marchedelouest.com\/#website\",\"url\":\"https:\/\/marchedelouest.com\/\",\"name\":\"Marchedelouest\",\"description\":\"Your Local Market, Fresh from the West\",\"publisher\":{\"@id\":\"https:\/\/marchedelouest.com\/#organization\"},\"potentialAction\":[{\"@type\":\"SearchAction\",\"target\":{\"@type\":\"EntryPoint\",\"urlTemplate\":\"https:\/\/marchedelouest.com\/?s={search_term_string}\"},\"query-input\":{\"@type\":\"PropertyValueSpecification\",\"valueRequired\":true,\"valueName\":\"search_term_string\"}}],\"inLanguage\":\"fr-FR\"},{\"@type\":\"Organization\",\"@id\":\"https:\/\/marchedelouest.com\/#organization\",\"name\":\"Marchedelouest\",\"url\":\"https:\/\/marchedelouest.com\/\",\"logo\":{\"@type\":\"ImageObject\",\"inLanguage\":\"fr-FR\",\"@id\":\"https:\/\/marchedelouest.com\/#\/schema\/logo\/image\/\",\"url\":\"https:\/\/marchedelouest.com\/wp-content\/uploads\/2022\/07\/MDO-logo.png\",\"contentUrl\":\"https:\/\/marchedelouest.com\/wp-content\/uploads\/2022\/07\/MDO-logo.png\",\"width\":1088,\"height\":867,\"caption\":\"Marchedelouest\"},\"image\":{\"@id\":\"https:\/\/marchedelouest.com\/#\/schema\/logo\/image\/\"}}]}<\/script>\n<!-- \/ Yoast SEO plugin. -->","yoast_head_json":{"title":"Contact - Marchedelouest","robots":{"index":"index","follow":"follow","max-snippet":"max-snippet:-1","max-image-preview":"max-image-preview:large","max-video-preview":"max-video-preview:-1"},"canonical":"https:\/\/marchedelouest.com\/contact\/","og_locale":"fr_FR","og_type":"article","og_title":"Contact - Marchedelouest","og_description":"Contact Pour prendre contact avec March\u00e9 de L\u2019Ouest Home Envoyer un message *Nous nous engageons \u00e0 ne pas divulguervos informations.. En savoir plus","og_url":"https:\/\/marchedelouest.com\/contact\/","og_site_name":"Marchedelouest","article_modified_time":"2025-11-24T16:08:02+00:00","og_image":[{"width":2000,"height":1333,"url":"https:\/\/marchedelouest.com\/wp-content\/uploads\/2024\/11\/March_de_l_ouest_2.jpg","type":"image\/jpeg"}],"twitter_card":"summary_large_image","twitter_misc":{"Dur\u00e9e de lecture estim\u00e9e":"2 minutes"},"schema":{"@context":"https:\/\/schema.org","@graph":[{"@type":"WebPage","@id":"https:\/\/marchedelouest.com\/contact\/","url":"https:\/\/marchedelouest.com\/contact\/","name":"Contact - Marchedelouest","isPartOf":{"@id":"https:\/\/marchedelouest.com\/#website"},"primaryImageOfPage":{"@id":"https:\/\/marchedelouest.com\/contact\/#primaryimage"},"image":{"@id":"https:\/\/marchedelouest.com\/contact\/#primaryimage"},"thumbnailUrl":"https:\/\/marchedelouest.com\/wp-content\/uploads\/2024\/11\/March_de_l_ouest_2.jpg","datePublished":"2022-07-26T20:25:57+00:00","dateModified":"2025-11-24T16:08:02+00:00","breadcrumb":{"@id":"https:\/\/marchedelouest.com\/contact\/#breadcrumb"},"inLanguage":"fr-FR","potentialAction":[{"@type":"ReadAction","target":["https:\/\/marchedelouest.com\/contact\/"]}]},{"@type":"ImageObject","inLanguage":"fr-FR","@id":"https:\/\/marchedelouest.com\/contact\/#primaryimage","url":"https:\/\/marchedelouest.com\/wp-content\/uploads\/2024\/11\/March_de_l_ouest_2.jpg","contentUrl":"https:\/\/marchedelouest.com\/wp-content\/uploads\/2024\/11\/March_de_l_ouest_2.jpg"},{"@type":"BreadcrumbList","@id":"https:\/\/marchedelouest.com\/contact\/#breadcrumb","itemListElement":[{"@type":"ListItem","position":1,"name":"Home","item":"https:\/\/marchedelouest.com\/fr\/home\/"},{"@type":"ListItem","position":2,"name":"Contact"}]},{"@type":"WebSite","@id":"https:\/\/marchedelouest.com\/#website","url":"https:\/\/marchedelouest.com\/","name":"Marchedelouest","description":"Your Local Market, Fresh from the West","publisher":{"@id":"https:\/\/marchedelouest.com\/#organization"},"potentialAction":[{"@type":"SearchAction","target":{"@type":"EntryPoint","urlTemplate":"https:\/\/marchedelouest.com\/?s={search_term_string}"},"query-input":{"@type":"PropertyValueSpecification","valueRequired":true,"valueName":"search_term_string"}}],"inLanguage":"fr-FR"},{"@type":"Organization","@id":"https:\/\/marchedelouest.com\/#organization","name":"Marchedelouest","url":"https:\/\/marchedelouest.com\/","logo":{"@type":"ImageObject","inLanguage":"fr-FR","@id":"https:\/\/marchedelouest.com\/#\/schema\/logo\/image\/","url":"https:\/\/marchedelouest.com\/wp-content\/uploads\/2022\/07\/MDO-logo.png","contentUrl":"https:\/\/marchedelouest.com\/wp-content\/uploads\/2022\/07\/MDO-logo.png","width":1088,"height":867,"caption":"Marchedelouest"},"image":{"@id":"https:\/\/marchedelouest.com\/#\/schema\/logo\/image\/"}}]}},"_links":{"self":[{"href":"https:\/\/marchedelouest.com\/fr\/wp-json\/wp\/v2\/pages\/2221","targetHints":{"allow":["GET"]}}],"collection":[{"href":"https:\/\/marchedelouest.com\/fr\/wp-json\/wp\/v2\/pages"}],"about":[{"href":"https:\/\/marchedelouest.com\/fr\/wp-json\/wp\/v2\/types\/page"}],"author":[{"embeddable":true,"href":"https:\/\/marchedelouest.com\/fr\/wp-json\/wp\/v2\/users\/1"}],"replies":[{"embeddable":true,"href":"https:\/\/marchedelouest.com\/fr\/wp-json\/wp\/v2\/comments?post=2221"}],"version-history":[{"count":41,"href":"https:\/\/marchedelouest.com\/fr\/wp-json\/wp\/v2\/pages\/2221\/revisions"}],"predecessor-version":[{"id":4039,"href":"https:\/\/marchedelouest.com\/fr\/wp-json\/wp\/v2\/pages\/2221\/revisions\/4039"}],"wp:attachment":[{"href":"https:\/\/marchedelouest.com\/fr\/wp-json\/wp\/v2\/media?parent=2221"}],"curies":[{"name":"wp","href":"https:\/\/api.w.org\/{rel}","templated":true}]}}